{"id":23556,"date":"2025-12-26T05:18:11","date_gmt":"2025-12-26T05:18:11","guid":{"rendered":"https:\/\/gist.edu.in\/gist\/?page_id=23556"},"modified":"2025-12-26T05:18:11","modified_gmt":"2025-12-26T05:18:11","slug":"ce_pavan","status":"publish","type":"page","link":"https:\/\/gist.edu.in\/gist\/ce_pavan\/","title":{"rendered":"CE_PAVAN"},"content":{"rendered":"<h2 style=\"text-align: center;\"><span style=\"color: #ff6600;\">Profile<\/span><\/h2>\n<div style=\"overflow-x: auto;\">\n<table align=\"center\">\n<tbody>\n<tr>\n<td width=\"160\"><strong>Name of the Faculty<\/strong><\/td>\n<td width=\"548\">DAMPURU PAVAN KUMAR<\/td>\n<\/tr>\n<tr>\n<td width=\"160\"><strong>Photo<\/strong><\/td>\n<td width=\"548\"><img loading=\"lazy\" decoding=\"async\" class=\"aligncenter wp-image-23518 size-thumbnail\" src=\"https:\/\/gist.edu.in\/gist\/wp-content\/uploads\/2025\/12\/D-PAVAN-KUMAR-150x150.jpg\" alt=\"\" width=\"150\" height=\"150\" srcset=\"https:\/\/gist.edu.in\/gist\/wp-content\/uploads\/2025\/12\/D-PAVAN-KUMAR-150x150.jpg 150w, https:\/\/gist.edu.in\/gist\/wp-content\/uploads\/2025\/12\/D-PAVAN-KUMAR-50x50.jpg 50w, https:\/\/gist.edu.in\/gist\/wp-content\/uploads\/2025\/12\/D-PAVAN-KUMAR-80x80.jpg 80w, https:\/\/gist.edu.in\/gist\/wp-content\/uploads\/2025\/12\/D-PAVAN-KUMAR-100x100.jpg 100w\" sizes=\"auto, (max-width: 150px) 100vw, 150px\" \/><\/td>\n<\/tr>\n<tr>\n<td width=\"160\"><strong>Designation<\/strong><\/td>\n<td width=\"548\">ASSISTANT PROFESSOR<\/td>\n<\/tr>\n<tr>\n<td width=\"160\"><strong>Department<\/strong><\/td>\n<td width=\"548\">CIVIL ENGINEERING<\/td>\n<\/tr>\n<tr>\n<td width=\"160\"><strong>Experience <\/strong><\/td>\n<td width=\"548\">6 Years and 6 Months<\/td>\n<\/tr>\n<tr>\n<td width=\"160\"><strong>Educational Details<\/strong><\/td>\n<td width=\"548\">\u00a0\u00a0\u00a0\u00a0\u00a0\u00a0\u00a0\u00a0\u00a0\u00a0 University Name \/ Graduated Year<\/p>\n<p><strong>Ph.D :<\/strong> \u00a0S.V University (2022) \/ Pursuing<\/p>\n<p><strong>M.Tech : <\/strong>VIT University \/ 2019<\/p>\n<p><strong>B.E :<\/strong> Anna University \/ 2015<\/td>\n<\/tr>\n<tr>\n<td width=\"160\"><strong>Research Details<\/strong><\/td>\n<td width=\"548\"><strong>Areas of Specialization:<\/strong> \u00a0Structural Engineering<\/p>\n<p><strong>Vidwan:<\/strong> \u00a0<span style=\"color: #0000ff;\"><a style=\"color: #0000ff;\" href=\"https:\/\/vidwan.inflibnet.ac.in\/profile\/544535\" target=\"_blank\" rel=\"noopener\">https:\/\/vidwan.inflibnet.ac.in\/profile\/544535<\/a><\/span><\/p>\n<p><strong>Orcid:<\/strong> <span style=\"color: #0000ff;\"><a style=\"color: #0000ff;\" href=\"https:\/\/orcid.org\/0009-0005-5864-2086\" target=\"_blank\" rel=\"noopener\">https:\/\/orcid.org\/0009-0005-5864-2086<\/a><\/span><\/p>\n<p><strong>Scopus:<\/strong> \u00a0<a href=\"https:\/\/www.scopus.com\/authid\/detail.uri?authorId=58789037900\">https:\/\/www.scopus.com\/authid\/detail.uri?authorId=58789037900<\/a><\/p>\n<p><strong>Google Scholar:<\/strong> <span style=\"color: #0000ff;\"><a style=\"color: #0000ff;\" href=\"https:\/\/scholar.google.com\/citations?hl=en&amp;user=4T5vwsIAAAAJ\" target=\"_blank\" rel=\"noopener\">https:\/\/scholar.google.com\/citations?hl=en&amp;user=4T5vwsIAAAAJ<\/a><\/span><\/td>\n<\/tr>\n<tr>\n<td width=\"160\"><strong>Patents Published\/Granted<\/strong><\/td>\n<td width=\"548\">Canada copy right for title <strong>Solar Power Monitoring Method based on Artificial Intelligence, <\/strong>\u00a0Innovation, Sciences et D\u00e9veloppement \u00e9conomique Canada. Reg No 1215201 Date of registration Cat\u00e9gorie \/ Category 11 JUIL \/ JUL 2024.<\/td>\n<\/tr>\n<tr>\n<td width=\"160\"><strong>Professional Membership<\/strong><\/td>\n<td width=\"548\">1.\u00a0\u00a0\u00a0\u00a0 ICI-14547,<\/p>\n<p>2.\u00a0\u00a0\u00a0\u00a0 IAENG-378605<\/p>\n<p>3.\u00a0\u00a0\u00a0 IFERP-15444299<\/td>\n<\/tr>\n<tr>\n<td width=\"160\"><strong>Any Other Information<\/strong><\/td>\n<td width=\"548\">1.\u00a0\u00a0\u00a0\u00a0 Department Project Coordinator<\/p>\n<p>2.\u00a0\u00a0\u00a0\u00a0 Department Website coordinator<\/p>\n<p>3.\u00a0\u00a0\u00a0\u00a0 Department Counseling\/mentoring coordinator<\/td>\n<\/tr>\n<\/tbody>\n<\/table>\n<\/div>\n","protected":false},"excerpt":{"rendered":"<p>Profile Name of the Faculty DAMPURU PAVAN KUMAR Photo Designation ASSISTANT PROFESSOR Department CIVIL ENGINEERING Experience 6 Years and 6 Months Educational Details \u00a0\u00a0\u00a0\u00a0\u00a0\u00a0\u00a0\u00a0\u00a0\u00a0 University Name \/ Graduated Year Ph.D : \u00a0S.V University (2022) \/ Pursuing M.Tech : VIT University \/ 2019 B.E : Anna University \/ 2015 Research Details Areas of Specialization: \u00a0Structural Engineering [&hellip;]<\/p>\n","protected":false},"author":10,"featured_media":0,"parent":0,"menu_order":0,"comment_status":"closed","ping_status":"closed","template":"","meta":{"footnotes":""},"class_list":["post-23556","page","type-page","status-publish","hentry"],"_links":{"self":[{"href":"https:\/\/gist.edu.in\/gist\/wp-json\/wp\/v2\/pages\/23556","targetHints":{"allow":["GET"]}}],"collection":[{"href":"https:\/\/gist.edu.in\/gist\/wp-json\/wp\/v2\/pages"}],"about":[{"href":"https:\/\/gist.edu.in\/gist\/wp-json\/wp\/v2\/types\/page"}],"author":[{"embeddable":true,"href":"https:\/\/gist.edu.in\/gist\/wp-json\/wp\/v2\/users\/10"}],"replies":[{"embeddable":true,"href":"https:\/\/gist.edu.in\/gist\/wp-json\/wp\/v2\/comments?post=23556"}],"version-history":[{"count":1,"href":"https:\/\/gist.edu.in\/gist\/wp-json\/wp\/v2\/pages\/23556\/revisions"}],"predecessor-version":[{"id":23557,"href":"https:\/\/gist.edu.in\/gist\/wp-json\/wp\/v2\/pages\/23556\/revisions\/23557"}],"wp:attachment":[{"href":"https:\/\/gist.edu.in\/gist\/wp-json\/wp\/v2\/media?parent=23556"}],"curies":[{"name":"wp","href":"https:\/\/api.w.org\/{rel}","templated":true}]}}